{"id":319,"date":"2025-10-10T17:08:24","date_gmt":"2025-10-10T15:08:24","guid":{"rendered":"https:\/\/xn--sjour-au-coeur-de-soi-b5b.fr\/?page_id=319"},"modified":"2025-10-10T19:45:43","modified_gmt":"2025-10-10T17:45:43","slug":"sejours-bien-etre","status":"publish","type":"page","link":"https:\/\/xn--sjour-au-coeur-de-soi-b5b.fr\/index.php\/sejours-bien-etre\/","title":{"rendered":"Dates"},"content":{"rendered":"\n<p>13 au 15 juin 2025<\/p>\n\n\n\n\n","protected":false},"excerpt":{"rendered":"<p>13 au 15 juin 2025<\/p>\n","protected":false},"author":4,"featured_media":0,"parent":0,"menu_order":0,"comment_status":"closed","ping_status":"closed","template":"","meta":{"saved_in_kubio":true,"footnotes":""},"class_list":["post-319","page","type-page","status-publish","hentry"],"kubio_ai_page_context":{"short_desc":"","purpose":"general"},"yoast_head":"<!-- This site is optimized with the Yoast SEO plugin v26.1.1 - https:\/\/yoast.com\/wordpress\/plugins\/seo\/ -->\n<title>Dates - S\u00e9jour au coeur de soi<\/title>\n<meta name=\"description\" content=\"Chaque s\u00e9jour, retraite et stage est une parenth\u00e8se r\u00e9v\u00e9latrice o\u00f9 l\u2019on vient \u00e0 l\u2019\u00e9coute de soi pour aller \u00e0 la d\u00e9couverte de nouveaux regards port\u00e9s sur soi et le monde. Plusieurs pratiques, disciplines et techniques de soin (yoga, pilates, m\u00e9ditation, massages, r\u00e9flexologie, respiration, marche, repos et fleurs de Bach\u2026) vous seront r\u00e9serv\u00e9es pour vous permettre de vous r\u00e9aligner et d\u2019acc\u00e9der \u00e0 votre vraie nature.Au service de votre \u00e9panouissement individuel, en tenant compte de l\u00e0 o\u00f9 vous en \u00eates, ce s\u00e9jour vise \u00e0 raviver la joie, nourrir l\u2019apaisement, la confiance et fortifier votre libert\u00e9 d\u2019\u00eatre.\" \/>\n<meta name=\"robots\" content=\"index, follow, max-snippet:-1, max-image-preview:large, max-video-preview:-1\" \/>\n<link rel=\"canonical\" href=\"https:\/\/xn--sjour-au-coeur-de-soi-b5b.fr\/index.php\/sejours-bien-etre\/\" \/>\n<meta property=\"og:locale\" content=\"fr_FR\" \/>\n<meta property=\"og:type\" content=\"article\" \/>\n<meta property=\"og:title\" content=\"Dates - S\u00e9jour au coeur de soi\" \/>\n<meta property=\"og:description\" content=\"Chaque s\u00e9jour, retraite et stage est une parenth\u00e8se r\u00e9v\u00e9latrice o\u00f9 l\u2019on vient \u00e0 l\u2019\u00e9coute de soi pour aller \u00e0 la d\u00e9couverte de nouveaux regards port\u00e9s sur soi et le monde. Plusieurs pratiques, disciplines et techniques de soin (yoga, pilates, m\u00e9ditation, massages, r\u00e9flexologie, respiration, marche, repos et fleurs de Bach\u2026) vous seront r\u00e9serv\u00e9es pour vous permettre de vous r\u00e9aligner et d\u2019acc\u00e9der \u00e0 votre vraie nature.Au service de votre \u00e9panouissement individuel, en tenant compte de l\u00e0 o\u00f9 vous en \u00eates, ce s\u00e9jour vise \u00e0 raviver la joie, nourrir l\u2019apaisement, la confiance et fortifier votre libert\u00e9 d\u2019\u00eatre.\" \/>\n<meta property=\"og:url\" content=\"https:\/\/xn--sjour-au-coeur-de-soi-b5b.fr\/index.php\/sejours-bien-etre\/\" \/>\n<meta property=\"og:site_name\" content=\"S\u00e9jour au coeur de soi\" \/>\n<meta property=\"article:modified_time\" content=\"2025-10-10T17:45:43+00:00\" \/>\n<meta name=\"twitter:card\" content=\"summary_large_image\" \/>\n<script type=\"application\/ld+json\" class=\"yoast-schema-graph\">{\"@context\":\"https:\/\/schema.org\",\"@graph\":[{\"@type\":\"WebPage\",\"@id\":\"https:\/\/xn--sjour-au-coeur-de-soi-b5b.fr\/index.php\/sejours-bien-etre\/\",\"url\":\"https:\/\/xn--sjour-au-coeur-de-soi-b5b.fr\/index.php\/sejours-bien-etre\/\",\"name\":\"Dates - S\u00e9jour au coeur de soi\",\"isPartOf\":{\"@id\":\"https:\/\/xn--sjour-au-coeur-de-soi-b5b.fr\/#website\"},\"datePublished\":\"2025-10-10T15:08:24+00:00\",\"dateModified\":\"2025-10-10T17:45:43+00:00\",\"description\":\"Chaque s\u00e9jour, retraite et stage est une parenth\u00e8se r\u00e9v\u00e9latrice o\u00f9 l\u2019on vient \u00e0 l\u2019\u00e9coute de soi pour aller \u00e0 la d\u00e9couverte de nouveaux regards port\u00e9s sur soi et le monde. Plusieurs pratiques, disciplines et techniques de soin (yoga, pilates, m\u00e9ditation, massages, r\u00e9flexologie, respiration, marche, repos et fleurs de Bach\u2026) vous seront r\u00e9serv\u00e9es pour vous permettre de vous r\u00e9aligner et d\u2019acc\u00e9der \u00e0 votre vraie nature.Au service de votre \u00e9panouissement individuel, en tenant compte de l\u00e0 o\u00f9 vous en \u00eates, ce s\u00e9jour vise \u00e0 raviver la joie, nourrir l\u2019apaisement, la confiance et fortifier votre libert\u00e9 d\u2019\u00eatre.\",\"breadcrumb\":{\"@id\":\"https:\/\/xn--sjour-au-coeur-de-soi-b5b.fr\/index.php\/sejours-bien-etre\/#breadcrumb\"},\"inLanguage\":\"fr-FR\",\"potentialAction\":[{\"@type\":\"ReadAction\",\"target\":[\"https:\/\/xn--sjour-au-coeur-de-soi-b5b.fr\/index.php\/sejours-bien-etre\/\"]}]},{\"@type\":\"BreadcrumbList\",\"@id\":\"https:\/\/xn--sjour-au-coeur-de-soi-b5b.fr\/index.php\/sejours-bien-etre\/#breadcrumb\",\"itemListElement\":[{\"@type\":\"ListItem\",\"position\":1,\"name\":\"Accueil\",\"item\":\"https:\/\/xn--sjour-au-coeur-de-soi-b5b.fr\/\"},{\"@type\":\"ListItem\",\"position\":2,\"name\":\"Dates\"}]},{\"@type\":\"WebSite\",\"@id\":\"https:\/\/xn--sjour-au-coeur-de-soi-b5b.fr\/#website\",\"url\":\"https:\/\/xn--sjour-au-coeur-de-soi-b5b.fr\/\",\"name\":\"S\u00e9jour au coeur de soi\",\"description\":\"Vivez l&#039;exp\u00e9rience unique du retour \u00e0 soi\",\"publisher\":{\"@id\":\"https:\/\/xn--sjour-au-coeur-de-soi-b5b.fr\/#organization\"},\"potentialAction\":[{\"@type\":\"SearchAction\",\"target\":{\"@type\":\"EntryPoint\",\"urlTemplate\":\"https:\/\/xn--sjour-au-coeur-de-soi-b5b.fr\/?s={search_term_string}\"},\"query-input\":{\"@type\":\"PropertyValueSpecification\",\"valueRequired\":true,\"valueName\":\"search_term_string\"}}],\"inLanguage\":\"fr-FR\"},{\"@type\":\"Organization\",\"@id\":\"https:\/\/xn--sjour-au-coeur-de-soi-b5b.fr\/#organization\",\"name\":\"S\u00e9jour au coeur de soi\",\"url\":\"https:\/\/xn--sjour-au-coeur-de-soi-b5b.fr\/\",\"logo\":{\"@type\":\"ImageObject\",\"inLanguage\":\"fr-FR\",\"@id\":\"https:\/\/xn--sjour-au-coeur-de-soi-b5b.fr\/#\/schema\/logo\/image\/\",\"url\":\"https:\/\/xn--sjour-au-coeur-de-soi-b5b.fr\/wp-content\/uploads\/2024\/12\/AD_4nXfpA2YacnmCG8mBzUDuqqwZNU-MM4GzkpU6VnlRsvCbb3d-ddhaVnmoSjnss8XFph_po7IiV7_Z6oK3V3DwtCUQ6ChIWnVJrAjMUS1k7vDz9MaY8lsYKFzJFuPfc-1.jpg\",\"contentUrl\":\"https:\/\/xn--sjour-au-coeur-de-soi-b5b.fr\/wp-content\/uploads\/2024\/12\/AD_4nXfpA2YacnmCG8mBzUDuqqwZNU-MM4GzkpU6VnlRsvCbb3d-ddhaVnmoSjnss8XFph_po7IiV7_Z6oK3V3DwtCUQ6ChIWnVJrAjMUS1k7vDz9MaY8lsYKFzJFuPfc-1.jpg\",\"width\":500,\"height\":338,\"caption\":\"S\u00e9jour au coeur de soi\"},\"image\":{\"@id\":\"https:\/\/xn--sjour-au-coeur-de-soi-b5b.fr\/#\/schema\/logo\/image\/\"}}]}<\/script>\n<!-- \/ Yoast SEO plugin. -->","yoast_head_json":{"title":"Dates - S\u00e9jour au coeur de soi","description":"Chaque s\u00e9jour, retraite et stage est une parenth\u00e8se r\u00e9v\u00e9latrice o\u00f9 l\u2019on vient \u00e0 l\u2019\u00e9coute de soi pour aller \u00e0 la d\u00e9couverte de nouveaux regards port\u00e9s sur soi et le monde. Plusieurs pratiques, disciplines et techniques de soin (yoga, pilates, m\u00e9ditation, massages, r\u00e9flexologie, respiration, marche, repos et fleurs de Bach\u2026) vous seront r\u00e9serv\u00e9es pour vous permettre de vous r\u00e9aligner et d\u2019acc\u00e9der \u00e0 votre vraie nature.Au service de votre \u00e9panouissement individuel, en tenant compte de l\u00e0 o\u00f9 vous en \u00eates, ce s\u00e9jour vise \u00e0 raviver la joie, nourrir l\u2019apaisement, la confiance et fortifier votre libert\u00e9 d\u2019\u00eatre.","robots":{"index":"index","follow":"follow","max-snippet":"max-snippet:-1","max-image-preview":"max-image-preview:large","max-video-preview":"max-video-preview:-1"},"canonical":"https:\/\/xn--sjour-au-coeur-de-soi-b5b.fr\/index.php\/sejours-bien-etre\/","og_locale":"fr_FR","og_type":"article","og_title":"Dates - S\u00e9jour au coeur de soi","og_description":"Chaque s\u00e9jour, retraite et stage est une parenth\u00e8se r\u00e9v\u00e9latrice o\u00f9 l\u2019on vient \u00e0 l\u2019\u00e9coute de soi pour aller \u00e0 la d\u00e9couverte de nouveaux regards port\u00e9s sur soi et le monde. Plusieurs pratiques, disciplines et techniques de soin (yoga, pilates, m\u00e9ditation, massages, r\u00e9flexologie, respiration, marche, repos et fleurs de Bach\u2026) vous seront r\u00e9serv\u00e9es pour vous permettre de vous r\u00e9aligner et d\u2019acc\u00e9der \u00e0 votre vraie nature.Au service de votre \u00e9panouissement individuel, en tenant compte de l\u00e0 o\u00f9 vous en \u00eates, ce s\u00e9jour vise \u00e0 raviver la joie, nourrir l\u2019apaisement, la confiance et fortifier votre libert\u00e9 d\u2019\u00eatre.","og_url":"https:\/\/xn--sjour-au-coeur-de-soi-b5b.fr\/index.php\/sejours-bien-etre\/","og_site_name":"S\u00e9jour au coeur de soi","article_modified_time":"2025-10-10T17:45:43+00:00","twitter_card":"summary_large_image","schema":{"@context":"https:\/\/schema.org","@graph":[{"@type":"WebPage","@id":"https:\/\/xn--sjour-au-coeur-de-soi-b5b.fr\/index.php\/sejours-bien-etre\/","url":"https:\/\/xn--sjour-au-coeur-de-soi-b5b.fr\/index.php\/sejours-bien-etre\/","name":"Dates - S\u00e9jour au coeur de soi","isPartOf":{"@id":"https:\/\/xn--sjour-au-coeur-de-soi-b5b.fr\/#website"},"datePublished":"2025-10-10T15:08:24+00:00","dateModified":"2025-10-10T17:45:43+00:00","description":"Chaque s\u00e9jour, retraite et stage est une parenth\u00e8se r\u00e9v\u00e9latrice o\u00f9 l\u2019on vient \u00e0 l\u2019\u00e9coute de soi pour aller \u00e0 la d\u00e9couverte de nouveaux regards port\u00e9s sur soi et le monde. Plusieurs pratiques, disciplines et techniques de soin (yoga, pilates, m\u00e9ditation, massages, r\u00e9flexologie, respiration, marche, repos et fleurs de Bach\u2026) vous seront r\u00e9serv\u00e9es pour vous permettre de vous r\u00e9aligner et d\u2019acc\u00e9der \u00e0 votre vraie nature.Au service de votre \u00e9panouissement individuel, en tenant compte de l\u00e0 o\u00f9 vous en \u00eates, ce s\u00e9jour vise \u00e0 raviver la joie, nourrir l\u2019apaisement, la confiance et fortifier votre libert\u00e9 d\u2019\u00eatre.","breadcrumb":{"@id":"https:\/\/xn--sjour-au-coeur-de-soi-b5b.fr\/index.php\/sejours-bien-etre\/#breadcrumb"},"inLanguage":"fr-FR","potentialAction":[{"@type":"ReadAction","target":["https:\/\/xn--sjour-au-coeur-de-soi-b5b.fr\/index.php\/sejours-bien-etre\/"]}]},{"@type":"BreadcrumbList","@id":"https:\/\/xn--sjour-au-coeur-de-soi-b5b.fr\/index.php\/sejours-bien-etre\/#breadcrumb","itemListElement":[{"@type":"ListItem","position":1,"name":"Accueil","item":"https:\/\/xn--sjour-au-coeur-de-soi-b5b.fr\/"},{"@type":"ListItem","position":2,"name":"Dates"}]},{"@type":"WebSite","@id":"https:\/\/xn--sjour-au-coeur-de-soi-b5b.fr\/#website","url":"https:\/\/xn--sjour-au-coeur-de-soi-b5b.fr\/","name":"S\u00e9jour au coeur de soi","description":"Vivez l&#039;exp\u00e9rience unique du retour \u00e0 soi","publisher":{"@id":"https:\/\/xn--sjour-au-coeur-de-soi-b5b.fr\/#organization"},"potentialAction":[{"@type":"SearchAction","target":{"@type":"EntryPoint","urlTemplate":"https:\/\/xn--sjour-au-coeur-de-soi-b5b.fr\/?s={search_term_string}"},"query-input":{"@type":"PropertyValueSpecification","valueRequired":true,"valueName":"search_term_string"}}],"inLanguage":"fr-FR"},{"@type":"Organization","@id":"https:\/\/xn--sjour-au-coeur-de-soi-b5b.fr\/#organization","name":"S\u00e9jour au coeur de soi","url":"https:\/\/xn--sjour-au-coeur-de-soi-b5b.fr\/","logo":{"@type":"ImageObject","inLanguage":"fr-FR","@id":"https:\/\/xn--sjour-au-coeur-de-soi-b5b.fr\/#\/schema\/logo\/image\/","url":"https:\/\/xn--sjour-au-coeur-de-soi-b5b.fr\/wp-content\/uploads\/2024\/12\/AD_4nXfpA2YacnmCG8mBzUDuqqwZNU-MM4GzkpU6VnlRsvCbb3d-ddhaVnmoSjnss8XFph_po7IiV7_Z6oK3V3DwtCUQ6ChIWnVJrAjMUS1k7vDz9MaY8lsYKFzJFuPfc-1.jpg","contentUrl":"https:\/\/xn--sjour-au-coeur-de-soi-b5b.fr\/wp-content\/uploads\/2024\/12\/AD_4nXfpA2YacnmCG8mBzUDuqqwZNU-MM4GzkpU6VnlRsvCbb3d-ddhaVnmoSjnss8XFph_po7IiV7_Z6oK3V3DwtCUQ6ChIWnVJrAjMUS1k7vDz9MaY8lsYKFzJFuPfc-1.jpg","width":500,"height":338,"caption":"S\u00e9jour au coeur de soi"},"image":{"@id":"https:\/\/xn--sjour-au-coeur-de-soi-b5b.fr\/#\/schema\/logo\/image\/"}}]}},"_links":{"self":[{"href":"https:\/\/xn--sjour-au-coeur-de-soi-b5b.fr\/index.php\/wp-json\/wp\/v2\/pages\/319","targetHints":{"allow":["GET"]}}],"collection":[{"href":"https:\/\/xn--sjour-au-coeur-de-soi-b5b.fr\/index.php\/wp-json\/wp\/v2\/pages"}],"about":[{"href":"https:\/\/xn--sjour-au-coeur-de-soi-b5b.fr\/index.php\/wp-json\/wp\/v2\/types\/page"}],"author":[{"embeddable":true,"href":"https:\/\/xn--sjour-au-coeur-de-soi-b5b.fr\/index.php\/wp-json\/wp\/v2\/users\/4"}],"replies":[{"embeddable":true,"href":"https:\/\/xn--sjour-au-coeur-de-soi-b5b.fr\/index.php\/wp-json\/wp\/v2\/comments?post=319"}],"version-history":[{"count":5,"href":"https:\/\/xn--sjour-au-coeur-de-soi-b5b.fr\/index.php\/wp-json\/wp\/v2\/pages\/319\/revisions"}],"predecessor-version":[{"id":353,"href":"https:\/\/xn--sjour-au-coeur-de-soi-b5b.fr\/index.php\/wp-json\/wp\/v2\/pages\/319\/revisions\/353"}],"wp:attachment":[{"href":"https:\/\/xn--sjour-au-coeur-de-soi-b5b.fr\/index.php\/wp-json\/wp\/v2\/media?parent=319"}],"curies":[{"name":"wp","href":"https:\/\/api.w.org\/{rel}","templated":true}]}}